{"id":32,"date":"2024-10-29T18:57:50","date_gmt":"2024-10-29T21:57:50","guid":{"rendered":"https:\/\/cienciasforenses.org.br\/site\/?page_id=32"},"modified":"2026-05-01T06:52:55","modified_gmt":"2026-05-01T09:52:55","slug":"inicio","status":"publish","type":"page","link":"https:\/\/cienciasforenses.org.br\/site\/","title":{"rendered":"In\u00edcio"},"content":{"rendered":"\t\t<div data-elementor-type=\"wp-page\" data-elementor-id=\"32\" class=\"elementor elementor-32\" data-elementor-post-type=\"page\">\n\t\t\t\t<div class=\"elementor-element elementor-element-c4f2646 e-flex e-con-boxed e-con e-parent\" data-id=\"c4f2646\" data-element_type=\"container\" data-settings=\"{&quot;background_background&quot;:&quot;classic&quot;}\">\n\t\t\t\t\t<div class=\"e-con-inner\">\n\t\t\t\t<div class=\"elementor-element elementor-element-4e5b7f6 elementor-widget elementor-widget-heading\" data-id=\"4e5b7f6\" data-element_type=\"widget\" data-widget_type=\"heading.default\">\n\t\t\t\t<div class=\"elementor-widget-container\">\n\t\t\t<h3 class=\"elementor-heading-title elementor-size-default\">Junte-se a n\u00f3s na promo\u00e7\u00e3o<br>\nda Justi\u00e7a e do avan\u00e7o das<br>\nCi\u00eancias Forenses no Brasil!<\/h3>\t\t<\/div>\n\t\t\t\t<\/div>\n\t\t\t\t<div class=\"elementor-element elementor-element-5f7a887 elementor-align-left elementor-widget elementor-widget-button\" data-id=\"5f7a887\" data-element_type=\"widget\" data-widget_type=\"button.default\">\n\t\t\t\t<div class=\"elementor-widget-container\">\n\t\t\t\t\t\t\t\t<a class=\"elementor-button elementor-button-link elementor-size-sm\" href=\"https:\/\/cienciasforenses.org.br\/site\/torne-se-um-membro\/\">\n\t\t\t\t\t\t<span class=\"elementor-button-content-wrapper\">\n\t\t\t\t\t\t\t\t\t<span class=\"elementor-button-text\">Torne-se um membro \/ Renove sua filia\u00e7\u00e3o<\/span>\n\t\t\t\t\t<\/span>\n\t\t\t\t\t<\/a>\n\t\t\t\t\t\t<\/div>\n\t\t\t\t<\/div>\n\t\t\t\t\t<\/div>\n\t\t\t\t<\/div>\n\t\t<div class=\"elementor-element elementor-element-d276376 e-flex e-con-boxed e-con e-parent\" data-id=\"d276376\" data-element_type=\"container\" data-settings=\"{&quot;background_background&quot;:&quot;classic&quot;}\">\n\t\t\t\t\t<div class=\"e-con-inner\">\n\t\t\t\t<div class=\"elementor-element elementor-element-9e4fa5c elementor-position-left elementor-vertical-align-middle elementor-view-default elementor-mobile-position-top elementor-widget elementor-widget-icon-box\" data-id=\"9e4fa5c\" data-element_type=\"widget\" data-widget_type=\"icon-box.default\">\n\t\t\t\t<div class=\"elementor-widget-container\">\n\t\t\t\t\t<div class=\"elementor-icon-box-wrapper\">\n\n\t\t\t\t\t\t<div class=\"elementor-icon-box-icon\">\n\t\t\t\t<span  class=\"elementor-icon elementor-animation-\">\n\t\t\t\t<svg aria-hidden=\"true\" class=\"e-font-icon-svg e-fas-user-friends\" viewBox=\"0 0 640 512\" xmlns=\"http:\/\/www.w3.org\/2000\/svg\"><path d=\"M192 256c61.9 0 112-50.1 112-112S253.9 32 192 32 80 82.1 80 144s50.1 112 112 112zm76.8 32h-8.3c-20.8 10-43.9 16-68.5 16s-47.6-6-68.5-16h-8.3C51.6 288 0 339.6 0 403.2V432c0 26.5 21.5 48 48 48h288c26.5 0 48-21.5 48-48v-28.8c0-63.6-51.6-115.2-115.2-115.2zM480 256c53 0 96-43 96-96s-43-96-96-96-96 43-96 96 43 96 96 96zm48 32h-3.8c-13.9 4.8-28.6 8-44.2 8s-30.3-3.2-44.2-8H432c-20.4 0-39.2 5.9-55.7 15.4 24.4 26.3 39.7 61.2 39.7 99.8v38.4c0 2.2-.5 4.3-.6 6.4H592c26.5 0 48-21.5 48-48 0-61.9-50.1-112-112-112z\"><\/path><\/svg>\t\t\t\t<\/span>\n\t\t\t<\/div>\n\t\t\t\n\t\t\t\t\t\t<div class=\"elementor-icon-box-content\">\n\n\t\t\t\t\t\t\t\t\t<h3 class=\"elementor-icon-box-title\">\n\t\t\t\t\t\t<span  >\n\t\t\t\t\t\t\tBenef\u00edcios exclusivos<br>para membros ABCF:\t\t\t\t\t\t<\/span>\n\t\t\t\t\t<\/h3>\n\t\t\t\t\n\t\t\t\t\n\t\t\t<\/div>\n\t\t\t\n\t\t<\/div>\n\t\t\t\t<\/div>\n\t\t\t\t<\/div>\n\t\t\t\t\t<\/div>\n\t\t\t\t<\/div>\n\t\t<div class=\"elementor-element elementor-element-bcd0ba0 e-flex e-con-boxed e-con e-parent\" data-id=\"bcd0ba0\" data-element_type=\"container\">\n\t\t\t\t\t<div class=\"e-con-inner\">\n\t\t\t\t<div class=\"elementor-element elementor-element-a036c82 elementor-widget elementor-widget-text-editor\" data-id=\"a036c82\" data-element_type=\"widget\" data-widget_type=\"text-editor.default\">\n\t\t\t\t<div class=\"elementor-widget-container\">\n\t\t\t\t\t\t\t<p>Ser membro da <strong>Academia Brasileira de Ci\u00eancias Forenses (ABCF)<\/strong> traz uma s\u00e9rie de vantagens exclusivas que potencializam seu desenvolvimento profissional e acad\u00eamico na \u00e1rea de Ci\u00eancias Forenses. Confira alguns dos benef\u00edcios que voc\u00ea pode aproveitar:<\/p>\t\t\t\t\t\t<\/div>\n\t\t\t\t<\/div>\n\t\t\t\t\t<\/div>\n\t\t\t\t<\/div>\n\t\t<div class=\"elementor-element elementor-element-9c44b50 e-flex e-con-boxed e-con e-parent\" data-id=\"9c44b50\" data-element_type=\"container\">\n\t\t\t\t\t<div class=\"e-con-inner\">\n\t\t<div class=\"elementor-element elementor-element-e4ef2f3 e-con-full e-flex e-con e-child\" data-id=\"e4ef2f3\" data-element_type=\"container\">\n\t\t\t\t<div class=\"elementor-element elementor-element-2cc8aea elementor-widget elementor-widget-image\" data-id=\"2cc8aea\" data-element_type=\"widget\" data-widget_type=\"image.default\">\n\t\t\t\t<div class=\"elementor-widget-container\">\n\t\t\t\t\t\t\t\t\t\t\t\t\t<img fetchpriority=\"high\" decoding=\"async\" width=\"800\" height=\"450\" src=\"https:\/\/cienciasforenses.org.br\/site\/wp-content\/uploads\/2024\/10\/Logo-ENP-nome-cinza-1-1024x576.png\" class=\"attachment-large size-large wp-image-61\" alt=\"\" srcset=\"https:\/\/cienciasforenses.org.br\/site\/wp-content\/uploads\/2024\/10\/Logo-ENP-nome-cinza-1-1024x576.png 1024w, https:\/\/cienciasforenses.org.br\/site\/wp-content\/uploads\/2024\/10\/Logo-ENP-nome-cinza-1-300x169.png 300w, https:\/\/cienciasforenses.org.br\/site\/wp-content\/uploads\/2024\/10\/Logo-ENP-nome-cinza-1-768x432.png 768w, https:\/\/cienciasforenses.org.br\/site\/wp-content\/uploads\/2024\/10\/Logo-ENP-nome-cinza-1-1536x864.png 1536w, https:\/\/cienciasforenses.org.br\/site\/wp-content\/uploads\/2024\/10\/Logo-ENP-nome-cinza-1-2048x1152.png 2048w\" sizes=\"(max-width: 800px) 100vw, 800px\" \/>\t\t\t\t\t\t\t\t\t\t\t\t\t<\/div>\n\t\t\t\t<\/div>\n\t\t\t\t<\/div>\n\t\t<div class=\"elementor-element elementor-element-d9ae622 e-con-full e-flex e-con e-child\" data-id=\"d9ae622\" data-element_type=\"container\">\n\t\t\t\t<div class=\"elementor-element elementor-element-a74bf6a elementor-widget elementor-widget-text-editor\" data-id=\"a74bf6a\" data-element_type=\"widget\" data-widget_type=\"text-editor.default\">\n\t\t\t\t<div class=\"elementor-widget-container\">\n\t\t\t\t\t\t\t<p><strong>Descontos em Cursos da Escola Nacional de Per\u00edcias:<\/strong> Aproveite descontos especiais em cursos selecionados da Escola Nacional de Per\u00edcias. Esses cursos s\u00e3o uma excelente forma de aprimorar suas habilidades e ficar atualizado sobre as \u00faltimas tend\u00eancias na \u00e1rea.\u00a0<\/p>\t\t\t\t\t\t<\/div>\n\t\t\t\t<\/div>\n\t\t\t\t<div class=\"elementor-element elementor-element-c701526 elementor-align-left elementor-widget elementor-widget-button\" data-id=\"c701526\" data-element_type=\"widget\" data-widget_type=\"button.default\">\n\t\t\t\t<div class=\"elementor-widget-container\">\n\t\t\t\t\t\t\t\t<a class=\"elementor-button elementor-button-link elementor-size-sm\" href=\"https:\/\/escolanacionaldepericias.org.br\/loja\/\">\n\t\t\t\t\t\t<span class=\"elementor-button-content-wrapper\">\n\t\t\t\t\t\t\t\t\t<span class=\"elementor-button-text\">Saiba Mais<\/span>\n\t\t\t\t\t<\/span>\n\t\t\t\t\t<\/a>\n\t\t\t\t\t\t<\/div>\n\t\t\t\t<\/div>\n\t\t\t\t<\/div>\n\t\t\t\t\t<\/div>\n\t\t\t\t<\/div>\n\t\t<div class=\"elementor-element elementor-element-81c7196 e-flex e-con-boxed e-con e-parent\" data-id=\"81c7196\" data-element_type=\"container\">\n\t\t\t\t\t<div class=\"e-con-inner\">\n\t\t<div class=\"elementor-element elementor-element-5b6effd e-con-full e-flex e-con e-child\" data-id=\"5b6effd\" data-element_type=\"container\">\n\t\t\t\t<div class=\"elementor-element elementor-element-c49b683 elementor-widget elementor-widget-image\" data-id=\"c49b683\" data-element_type=\"widget\" data-widget_type=\"image.default\">\n\t\t\t\t<div class=\"elementor-widget-container\">\n\t\t\t\t\t\t\t\t\t\t\t\t\t<img decoding=\"async\" width=\"128\" height=\"167\" src=\"https:\/\/cienciasforenses.org.br\/site\/wp-content\/uploads\/2024\/10\/newspaper.png\" class=\"attachment-large size-large wp-image-74\" alt=\"\" \/>\t\t\t\t\t\t\t\t\t\t\t\t\t<\/div>\n\t\t\t\t<\/div>\n\t\t\t\t<\/div>\n\t\t<div class=\"elementor-element elementor-element-2b26496 e-con-full e-flex e-con e-child\" data-id=\"2b26496\" data-element_type=\"container\">\n\t\t\t\t<div class=\"elementor-element elementor-element-49294d4 elementor-widget elementor-widget-text-editor\" data-id=\"49294d4\" data-element_type=\"widget\" data-widget_type=\"text-editor.default\">\n\t\t\t\t<div class=\"elementor-widget-container\">\n\t\t\t\t\t\t\t<p><strong>Participa\u00e7\u00e3o em Editais de Entidades Parceiras:<\/strong> Membros da ABCF t\u00eam acesso a editais de entidades parceiras que incentivam o interc\u00e2mbio entre pesquisadores. Em 2024, por exemplo, a Funda\u00e7\u00e3o Justi\u00e7a pela Ci\u00eancia selecionou candidatos para aux\u00edlio financeiro na Confer\u00eancia Anual da Academia Americana de Ci\u00eancias Forenses \u2013 AAFS 2025, em Baltimore\/EUA, com crit\u00e9rios diferenciados para nossos associados.<\/p>\t\t\t\t\t\t<\/div>\n\t\t\t\t<\/div>\n\t\t\t\t<div class=\"elementor-element elementor-element-95f4587 elementor-align-left elementor-widget elementor-widget-button\" data-id=\"95f4587\" data-element_type=\"widget\" data-widget_type=\"button.default\">\n\t\t\t\t<div class=\"elementor-widget-container\">\n\t\t\t\t\t\t\t\t<a class=\"elementor-button elementor-button-link elementor-size-sm\" href=\"https:\/\/escolanacionaldepericias.org.br\/loja\/edital-001-2024\/?fbclid=IwY2xjawF1ac5leHRuA2FlbQIxMAABHYplgDfpWLfO4zk51zoB0sxlpV1-RknhJT5SEL-hTtddpRsVj4KWfU6qeA_aem_5V2TDf69q-_U_K83gL4Cyw\">\n\t\t\t\t\t\t<span class=\"elementor-button-content-wrapper\">\n\t\t\t\t\t\t\t\t\t<span class=\"elementor-button-text\">Saiba Mais<\/span>\n\t\t\t\t\t<\/span>\n\t\t\t\t\t<\/a>\n\t\t\t\t\t\t<\/div>\n\t\t\t\t<\/div>\n\t\t\t\t<\/div>\n\t\t\t\t\t<\/div>\n\t\t\t\t<\/div>\n\t\t<div class=\"elementor-element elementor-element-918838f e-flex e-con-boxed e-con e-parent\" data-id=\"918838f\" data-element_type=\"container\">\n\t\t\t\t\t<div class=\"e-con-inner\">\n\t\t<div class=\"elementor-element elementor-element-878bf95 e-con-full e-flex e-con e-child\" data-id=\"878bf95\" data-element_type=\"container\">\n\t\t\t\t<div class=\"elementor-element elementor-element-c2c691a elementor-widget elementor-widget-image\" data-id=\"c2c691a\" data-element_type=\"widget\" data-widget_type=\"image.default\">\n\t\t\t\t<div class=\"elementor-widget-container\">\n\t\t\t\t\t\t\t\t\t\t\t\t\t<img decoding=\"async\" width=\"654\" height=\"508\" src=\"https:\/\/cienciasforenses.org.br\/site\/wp-content\/uploads\/2025\/08\/Logo-Millennium-1.jpg\" class=\"attachment-large size-large wp-image-411\" alt=\"\" srcset=\"https:\/\/cienciasforenses.org.br\/site\/wp-content\/uploads\/2025\/08\/Logo-Millennium-1.jpg 654w, https:\/\/cienciasforenses.org.br\/site\/wp-content\/uploads\/2025\/08\/Logo-Millennium-1-300x233.jpg 300w\" sizes=\"(max-width: 654px) 100vw, 654px\" \/>\t\t\t\t\t\t\t\t\t\t\t\t\t<\/div>\n\t\t\t\t<\/div>\n\t\t\t\t<\/div>\n\t\t<div class=\"elementor-element elementor-element-55a7842 e-con-full e-flex e-con e-child\" data-id=\"55a7842\" data-element_type=\"container\">\n\t\t\t\t<div class=\"elementor-element elementor-element-c2fb30a elementor-widget elementor-widget-text-editor\" data-id=\"c2fb30a\" data-element_type=\"widget\" data-widget_type=\"text-editor.default\">\n\t\t\t\t<div class=\"elementor-widget-container\">\n\t\t\t\t\t\t\t<p><strong>Descontos em Livros:<\/strong> Agora, membros afiliados da Academia t\u00eam 15% de desconto em todos os livros da editora \u2014 um benef\u00edcio cumulativo e exclusivo.<\/p>\t\t\t\t\t\t<\/div>\n\t\t\t\t<\/div>\n\t\t\t\t<div class=\"elementor-element elementor-element-f6017cc elementor-align-left elementor-widget elementor-widget-button\" data-id=\"f6017cc\" data-element_type=\"widget\" data-widget_type=\"button.default\">\n\t\t\t\t<div class=\"elementor-widget-container\">\n\t\t\t\t\t\t\t\t<a class=\"elementor-button elementor-button-link elementor-size-sm\" href=\"https:\/\/www.millenniumeditora.com.br\/\">\n\t\t\t\t\t\t<span class=\"elementor-button-content-wrapper\">\n\t\t\t\t\t\t\t\t\t<span class=\"elementor-button-text\">Saiba Mais<\/span>\n\t\t\t\t\t<\/span>\n\t\t\t\t\t<\/a>\n\t\t\t\t\t\t<\/div>\n\t\t\t\t<\/div>\n\t\t\t\t<\/div>\n\t\t\t\t\t<\/div>\n\t\t\t\t<\/div>\n\t\t<div class=\"elementor-element elementor-element-b7113ef elementor-hidden-desktop elementor-hidden-tablet elementor-hidden-mobile e-flex e-con-boxed e-con e-parent\" data-id=\"b7113ef\" data-element_type=\"container\">\n\t\t\t\t\t<div class=\"e-con-inner\">\n\t\t<div class=\"elementor-element elementor-element-1c50ac7 e-con-full e-flex e-con e-child\" data-id=\"1c50ac7\" data-element_type=\"container\">\n\t\t\t\t<div class=\"elementor-element elementor-element-7cbb49a elementor-widget elementor-widget-image\" data-id=\"7cbb49a\" data-element_type=\"widget\" data-widget_type=\"image.default\">\n\t\t\t\t<div class=\"elementor-widget-container\">\n\t\t\t\t\t\t\t\t\t\t\t\t\t<img loading=\"lazy\" decoding=\"async\" width=\"125\" height=\"153\" src=\"https:\/\/cienciasforenses.org.br\/site\/wp-content\/uploads\/2024\/10\/newsletter.png\" class=\"attachment-large size-large wp-image-75\" alt=\"\" \/>\t\t\t\t\t\t\t\t\t\t\t\t\t<\/div>\n\t\t\t\t<\/div>\n\t\t\t\t<\/div>\n\t\t<div class=\"elementor-element elementor-element-477f0c4 e-con-full e-flex e-con e-child\" data-id=\"477f0c4\" data-element_type=\"container\">\n\t\t\t\t<div class=\"elementor-element elementor-element-2d3b6a2 elementor-widget elementor-widget-text-editor\" data-id=\"2d3b6a2\" data-element_type=\"widget\" data-widget_type=\"text-editor.default\">\n\t\t\t\t<div class=\"elementor-widget-container\">\n\t\t\t\t\t\t\t<p><strong>Newsletters Peri\u00f3dicas Exclusivas:<\/strong> Receba newsletters peri\u00f3dicas com conte\u00fado exclusivo sobre inova\u00e7\u00f5es, eventos e oportunidades na \u00e1rea de Ci\u00eancias Forenses. Fique sempre atualizado e \u00e0 frente nas suas pesquisas!<\/p>\t\t\t\t\t\t<\/div>\n\t\t\t\t<\/div>\n\t\t\t\t<\/div>\n\t\t\t\t\t<\/div>\n\t\t\t\t<\/div>\n\t\t\t\t<\/div>\n\t\t","protected":false},"excerpt":{"rendered":"<p>Junte-se a n\u00f3s na promo\u00e7\u00e3o da Justi\u00e7a e do avan\u00e7o das Ci\u00eancias Forenses no Brasil! Torne-se um membro \/ Renove sua filia\u00e7\u00e3o Benef\u00edcios exclusivospara membros ABCF: Ser membro da Academia Brasileira de Ci\u00eancias Forenses (ABCF) traz uma s\u00e9rie de vantagens exclusivas que potencializam seu desenvolvimento profissional e acad\u00eamico na \u00e1rea de Ci\u00eancias Forenses. Confira alguns [&hellip;]<\/p>\n","protected":false},"author":1,"featured_media":0,"parent":0,"menu_order":0,"comment_status":"closed","ping_status":"closed","template":"elementor_header_footer","meta":{"_acf_changed":false,"_joinchat":[],"footnotes":""},"class_list":["post-32","page","type-page","status-publish","hentry"],"acf":[],"_links":{"self":[{"href":"https:\/\/cienciasforenses.org.br\/site\/wp-json\/wp\/v2\/pages\/32","targetHints":{"allow":["GET"]}}],"collection":[{"href":"https:\/\/cienciasforenses.org.br\/site\/wp-json\/wp\/v2\/pages"}],"about":[{"href":"https:\/\/cienciasforenses.org.br\/site\/wp-json\/wp\/v2\/types\/page"}],"author":[{"embeddable":true,"href":"https:\/\/cienciasforenses.org.br\/site\/wp-json\/wp\/v2\/users\/1"}],"replies":[{"embeddable":true,"href":"https:\/\/cienciasforenses.org.br\/site\/wp-json\/wp\/v2\/comments?post=32"}],"version-history":[{"count":79,"href":"https:\/\/cienciasforenses.org.br\/site\/wp-json\/wp\/v2\/pages\/32\/revisions"}],"predecessor-version":[{"id":470,"href":"https:\/\/cienciasforenses.org.br\/site\/wp-json\/wp\/v2\/pages\/32\/revisions\/470"}],"wp:attachment":[{"href":"https:\/\/cienciasforenses.org.br\/site\/wp-json\/wp\/v2\/media?parent=32"}],"curies":[{"name":"wp","href":"https:\/\/api.w.org\/{rel}","templated":true}]}}