{"id":17,"date":"2024-10-29T18:53:25","date_gmt":"2024-10-29T21:53:25","guid":{"rendered":"https:\/\/cienciasforenses.org.br\/site\/?page_id=17"},"modified":"2024-11-08T11:19:56","modified_gmt":"2024-11-08T14:19:56","slug":"quem-somos","status":"publish","type":"page","link":"https:\/\/cienciasforenses.org.br\/site\/quem-somos\/","title":{"rendered":"Quem Somos"},"content":{"rendered":"<p>Fundada em 2012, a Academia Brasileira de Ci\u00eancias Forenses (ABCF) \u00e9 uma institui\u00e7\u00e3o dedicada ao fortalecimento e ao desenvolvimento das ci\u00eancias forenses no Brasil. A ABCF atua como um ponto de converg\u00eancia para peritos oficiais, pesquisadores, juristas e demais profissionais e entusiastas das diversas \u00e1reas forenses, promovendo a inova\u00e7\u00e3o, a excel\u00eancia t\u00e9cnica e o interc\u00e2mbio de conhecimento cient\u00edfico no pa\u00eds.<br \/>\nPouco ap\u00f3s sua funda\u00e7\u00e3o, a Academia apoiou a Capes na elabora\u00e7\u00e3o do Edital n\u00b0 25\/2014-Pr\u00f3-Forenses. Em 2016, a ABCF foi a primeira entidade a ser reconhecida como \u201cirm\u00e3\u201d pela American Academy of Forensic Sciences, maior organiza\u00e7\u00e3o de ci\u00eancias forenses do mundo, com mais de 75 anos de hist\u00f3ria. Em 2017 a Academia criou a InterForensics, maior evento de ci\u00eancias forenses da Am\u00e9rica Latina, que atualmente \u00e9 realizado em conjunto com a Funda\u00e7\u00e3o Justi\u00e7a pela Ci\u00eancia.<br \/>\nCom uma vis\u00e3o orientada ao avan\u00e7o das metodologias cient\u00edficas e ao aprimoramento das pr\u00e1ticas periciais, a Academia tem contribu\u00eddo de maneira significativa para a capacita\u00e7\u00e3o de profissionais e para o crescimento da \u00e1rea no Brasil, estabelecendo-se como uma refer\u00eancia para a pesquisa, a forma\u00e7\u00e3o e a \u00e9tica no campo forense.<\/p>\n","protected":false},"excerpt":{"rendered":"<p>Fundada em 2012, a Academia Brasileira de Ci\u00eancias Forenses (ABCF) \u00e9 uma institui\u00e7\u00e3o dedicada ao fortalecimento e ao desenvolvimento das ci\u00eancias forenses no Brasil. A ABCF atua como um ponto de converg\u00eancia para peritos oficiais, pesquisadores, juristas e demais profissionais e entusiastas das diversas \u00e1reas forenses, promovendo a inova\u00e7\u00e3o, a excel\u00eancia t\u00e9cnica e o interc\u00e2mbio [&hellip;]<\/p>\n","protected":false},"author":1,"featured_media":0,"parent":0,"menu_order":0,"comment_status":"closed","ping_status":"closed","template":"","meta":{"_acf_changed":false,"_joinchat":[],"footnotes":""},"class_list":["post-17","page","type-page","status-publish","hentry"],"acf":[],"_links":{"self":[{"href":"https:\/\/cienciasforenses.org.br\/site\/wp-json\/wp\/v2\/pages\/17","targetHints":{"allow":["GET"]}}],"collection":[{"href":"https:\/\/cienciasforenses.org.br\/site\/wp-json\/wp\/v2\/pages"}],"about":[{"href":"https:\/\/cienciasforenses.org.br\/site\/wp-json\/wp\/v2\/types\/page"}],"author":[{"embeddable":true,"href":"https:\/\/cienciasforenses.org.br\/site\/wp-json\/wp\/v2\/users\/1"}],"replies":[{"embeddable":true,"href":"https:\/\/cienciasforenses.org.br\/site\/wp-json\/wp\/v2\/comments?post=17"}],"version-history":[{"count":2,"href":"https:\/\/cienciasforenses.org.br\/site\/wp-json\/wp\/v2\/pages\/17\/revisions"}],"predecessor-version":[{"id":157,"href":"https:\/\/cienciasforenses.org.br\/site\/wp-json\/wp\/v2\/pages\/17\/revisions\/157"}],"wp:attachment":[{"href":"https:\/\/cienciasforenses.org.br\/site\/wp-json\/wp\/v2\/media?parent=17"}],"curies":[{"name":"wp","href":"https:\/\/api.w.org\/{rel}","templated":true}]}}